{"id":971,"date":"2021-02-03T19:34:03","date_gmt":"2021-02-03T19:34:03","guid":{"rendered":"https:\/\/saomiguelarcanjoitacare.com.br\/?page_id=971"},"modified":"2021-05-28T19:01:33","modified_gmt":"2021-05-28T19:01:33","slug":"celebracao-do-matrimonio","status":"publish","type":"page","link":"https:\/\/saomiguelarcanjoitacare.com.br\/?page_id=971","title":{"rendered":"Celebra\u00e7\u00e3o do Matrim\u00f4nio"},"content":{"rendered":"\n<div class=\"wp-block-cover has-background-dim\" style=\"background-image:url(https:\/\/saomiguelarcanjoitacare.com.br\/wp-content\/uploads\/2021\/02\/hands-handsome-husband-wife-day-their-wedding.jpg)\"><div class=\"wp-block-cover__inner-container is-layout-flow wp-block-cover-is-layout-flow\">\n<p class=\"has-text-align-center has-large-font-size\"><em>ABERTA AGENDA DE CASAMENTOS  2021<\/em><\/p>\n<\/div><\/div>\n\n\n\n<div style=\"height:47px\" aria-hidden=\"true\" class=\"wp-block-spacer\"><\/div>\n\n\n\n<p>Prezados Noivos,<\/p>\n\n\n\n<p>Nossa Comunidade Paroquial deseja conhec\u00ea-los e acompanh\u00e1-los nessa caminhada em prepara\u00e7\u00e3o ao Matrim\u00f4nio Crist\u00e3o. Alegramos-nos pela ben\u00e7\u00e3o especial de Deus que receber\u00e3o atrav\u00e9s do Sacramento do Matrim\u00f4nio. A fim de que os preparativos e a celebra\u00e7\u00e3o desse dia especial transcorram da forma mais serena, deixamos aqui algumas orienta\u00e7\u00f5es.<\/p>\n\n\n\n<p><strong>Documentos Necess\u00e1rios para Abertura do Processo:<\/strong><\/p>\n\n\n\n<ol class=\"wp-block-list\" type=\"1\"><li><strong>SEIS MESES ANTES<\/strong><\/li><\/ol>\n\n\n\n<p>Xerox dos seguintes documentos do casal: RG, Certid\u00e3o de Nascimento e comprovante de resid\u00eancia.<\/p>\n\n\n\n<p>Se forem estrangeiros apresentar xerox do Passaporte (RNE), e documento de livre conduta autenticado no cart\u00f3rio civil.<\/p>\n\n\n\n<p>Certid\u00e3o de Batismo e livre impedimento vindo da Par\u00f3quia de origem dos noivos&nbsp;&nbsp;&nbsp;&nbsp;&nbsp;&nbsp;&nbsp; atualizada para fins Matrimoniais.<\/p>\n\n\n\n<p>Certificado do Encontro de Noivos em Prepara\u00e7\u00e3o ao Casamento.<\/p>\n\n\n\n<p>Nome dos Padrinhos, de prefer\u00eancia casados (Xerox da Certid\u00e3o de Casamento).<\/p>\n\n\n\n<p>Para Padrinhos solteiros (xerox do RG).<\/p>\n\n\n\n<p>Certid\u00e3o de Habilita\u00e7\u00e3o de Casamento Civil.<\/p>\n\n\n\n<p>Agendar com a Secret\u00e1ria Paroquial, entrevista dos noivos com o Padre.<\/p>\n\n\n\n<p><strong>2 \u2013 CASAMENTO CIVIL &nbsp;<\/strong><\/p>\n\n\n\n<p>&nbsp;&nbsp;&nbsp;&nbsp;&nbsp;&nbsp; &nbsp;&nbsp;&nbsp;&nbsp;&nbsp;&nbsp;Para Casamento Religioso com Efeito Civil, os noivos dever\u00e3o apresentar a Habilita\u00e7\u00e3o do Cart\u00f3rio, at\u00e9 30 dias antes do casamento religioso.<\/p>\n\n\n\n<p><strong>&nbsp;&nbsp;&nbsp;&nbsp;&nbsp; 3 &#8211;&nbsp; CASAMENTO S\u00d3 NO RELIGIOSO<\/strong><\/p>\n\n\n\n<p><strong>&nbsp;&nbsp;&nbsp;&nbsp;&nbsp;&nbsp;&nbsp;&nbsp;&nbsp;&nbsp;&nbsp;&nbsp; <\/strong>Apresentar comprova\u00e7\u00e3o de 10 anos de conviv\u00eancia.<\/p>\n\n\n\n<p>&nbsp;4 \u2013 <strong>COMENTARISTA E SOM<\/strong><\/p>\n\n\n\n<p>&nbsp;&nbsp;&nbsp;&nbsp;&nbsp;&nbsp;&nbsp;&nbsp;&nbsp;&nbsp;&nbsp; A Igreja disp\u00f5e de:<\/p>\n\n\n\n<p>4.1- Um (a) comentarista. Caber\u00e1 a ele (a) auxiliar o celebrante nos Ritos Introdut\u00f3rios e na Liturgia da Palavra. Os noivos poder\u00e3o indicar um (a) leitor (a), mas com anteced\u00eancia.<\/p>\n\n\n\n<p>4.2 &#8211; Equipamento de som completo que deve ser operado pelo t\u00e9cnico que presta servi\u00e7o a Igreja Matriz S\u00e3o Miguel.<\/p>\n\n\n\n<p><strong>&nbsp;&nbsp;&nbsp;&nbsp; &nbsp;&nbsp;&nbsp;5-&nbsp;&nbsp; TAXAS<\/strong><\/p>\n\n\n\n<p>5.1<strong> \u2013 <\/strong>Despesas do templo: energia, tapete vermelho e Registro de Casamento \u2013 R$ 100,00.<\/p>\n\n\n\n<p>5.2 \u2013 Casamento Religioso &#8211;&nbsp; R$ 3.000,00. &nbsp;&nbsp;<\/p>\n\n\n\n<p>5.3<strong> \u2013 <\/strong>Reserva da data, sinal de 50% quando \u00e9 feito abertura do processo e 50% na v\u00e9spera da celebra\u00e7\u00e3o.<\/p>\n\n\n\n<p>5.4\u2013 Em caso de desist\u00eancia, n\u00e3o haver\u00e1 devolu\u00e7\u00e3o do sinal pago.<\/p>\n\n\n\n<p>5.5- Visando uma maior praticidade para o andamento do processo, os documentos poder\u00e3o ser digitalizados e encaminhados por e-mail. (<a href=\"mailto:psma.bahia@gmail.com\">psma.bahia@gmail.com<\/a>).<\/p>\n\n\n\n<p>5.6 &#8211; N\u00e3o nos responsabilizamos pela ornamenta\u00e7\u00e3o, por\u00e9m temos a necessidade de orientar os decoradores sobre as regras adotadas para conserva\u00e7\u00e3o do patrim\u00f4nio.<\/p>\n\n\n\n<p>5.7 -Caso o padre celebrante seja convidado pelos noivos, o P\u00e1roco delegar\u00e1, este dever\u00e1 enviar \u00e0 Secretaria Paroquial com 30 dias de anteced\u00eancia um Termo de Compromisso se responsabilizando a comparecer no dia e hor\u00e1rio agendado pelos noivos para a celebra\u00e7\u00e3o.&nbsp; Em caso da aus\u00eancia do celebrante convidado pelos noivos, o padre da Par\u00f3quia n\u00e3o ter\u00e1 nenhuma responsabilidade para celebra\u00e7\u00e3o do matrim\u00f4nio. \u201c<strong>Tudo que estabelecemos acima \u00e9 visando uma cerim\u00f4nia tranq\u00fcila para os noivos, o casamento \u00e9 um momento especial para suas vidas\u201d.<\/strong><\/p>\n","protected":false},"excerpt":{"rendered":"<p>Prezados Noivos, Nossa Comunidade Paroquial deseja conhec\u00ea-los e acompanh\u00e1-los nessa caminhada em prepara\u00e7\u00e3o ao Matrim\u00f4nio Crist\u00e3o. Alegramos-nos pela ben\u00e7\u00e3o especial<\/p>\n","protected":false},"author":3,"featured_media":0,"parent":0,"menu_order":0,"comment_status":"closed","ping_status":"closed","template":"","meta":{"colormag_page_layout":"default_layout","pagelayer_contact_templates":[],"_pagelayer_content":"","footnotes":""},"class_list":["post-971","page","type-page","status-publish","hentry"],"_links":{"self":[{"href":"https:\/\/saomiguelarcanjoitacare.com.br\/index.php?rest_route=\/wp\/v2\/pages\/971","targetHints":{"allow":["GET"]}}],"collection":[{"href":"https:\/\/saomiguelarcanjoitacare.com.br\/index.php?rest_route=\/wp\/v2\/pages"}],"about":[{"href":"https:\/\/saomiguelarcanjoitacare.com.br\/index.php?rest_route=\/wp\/v2\/types\/page"}],"author":[{"embeddable":true,"href":"https:\/\/saomiguelarcanjoitacare.com.br\/index.php?rest_route=\/wp\/v2\/users\/3"}],"replies":[{"embeddable":true,"href":"https:\/\/saomiguelarcanjoitacare.com.br\/index.php?rest_route=%2Fwp%2Fv2%2Fcomments&post=971"}],"version-history":[{"count":4,"href":"https:\/\/saomiguelarcanjoitacare.com.br\/index.php?rest_route=\/wp\/v2\/pages\/971\/revisions"}],"predecessor-version":[{"id":1002,"href":"https:\/\/saomiguelarcanjoitacare.com.br\/index.php?rest_route=\/wp\/v2\/pages\/971\/revisions\/1002"}],"wp:attachment":[{"href":"https:\/\/saomiguelarcanjoitacare.com.br\/index.php?rest_route=%2Fwp%2Fv2%2Fmedia&parent=971"}],"curies":[{"name":"wp","href":"https:\/\/api.w.org\/{rel}","templated":true}]}}