{"id":671,"date":"2020-09-02T15:24:18","date_gmt":"2020-09-02T15:24:18","guid":{"rendered":"https:\/\/saomiguelarcanjoitacare.com.br\/?page_id=671"},"modified":"2020-09-02T15:24:20","modified_gmt":"2020-09-02T15:24:20","slug":"capela-do-bairro-da-passagem","status":"publish","type":"page","link":"https:\/\/saomiguelarcanjoitacare.com.br\/?page_id=671","title":{"rendered":"Capela do Bairro da Passagem"},"content":{"rendered":"\n<p><strong>Passagem<\/strong> (sede&nbsp; do munic\u00edpio)<\/p>\n\n\n\n<p><strong>Padroeira:<\/strong> Nossa Senhora da Concei\u00e7\u00e3o<\/p>\n\n\n\n<p>Missa Festiva em louvor a Padroeira \u2013 08 de dezembro<\/p>\n\n\n\n<figure class=\"wp-block-gallery columns-2 is-cropped wp-block-gallery-1 is-layout-flex wp-block-gallery-is-layout-flex\"><ul class=\"blocks-gallery-grid\"><li class=\"blocks-gallery-item\"><figure><img loading=\"lazy\" decoding=\"async\" width=\"399\" height=\"532\" src=\"https:\/\/saomiguelarcanjoitacare.com.br\/wp-content\/uploads\/2020\/09\/PASSAGEM.jpg\" alt=\"\" data-id=\"669\" data-full-url=\"https:\/\/saomiguelarcanjoitacare.com.br\/wp-content\/uploads\/2020\/09\/PASSAGEM.jpg\" data-link=\"https:\/\/saomiguelarcanjoitacare.com.br\/?attachment_id=669\" class=\"wp-image-669\" srcset=\"https:\/\/saomiguelarcanjoitacare.com.br\/wp-content\/uploads\/2020\/09\/PASSAGEM.jpg 399w, https:\/\/saomiguelarcanjoitacare.com.br\/wp-content\/uploads\/2020\/09\/PASSAGEM-225x300.jpg 225w\" sizes=\"auto, (max-width: 399px) 100vw, 399px\" \/><\/figure><\/li><li class=\"blocks-gallery-item\"><figure><img loading=\"lazy\" decoding=\"async\" width=\"520\" height=\"362\" src=\"https:\/\/saomiguelarcanjoitacare.com.br\/wp-content\/uploads\/2020\/09\/PASSAGEM2-1.jpg\" alt=\"\" data-id=\"672\" data-full-url=\"https:\/\/saomiguelarcanjoitacare.com.br\/wp-content\/uploads\/2020\/09\/PASSAGEM2-1.jpg\" data-link=\"https:\/\/saomiguelarcanjoitacare.com.br\/?attachment_id=672\" class=\"wp-image-672\" srcset=\"https:\/\/saomiguelarcanjoitacare.com.br\/wp-content\/uploads\/2020\/09\/PASSAGEM2-1.jpg 520w, https:\/\/saomiguelarcanjoitacare.com.br\/wp-content\/uploads\/2020\/09\/PASSAGEM2-1-300x209.jpg 300w, https:\/\/saomiguelarcanjoitacare.com.br\/wp-content\/uploads\/2020\/09\/PASSAGEM2-1-392x272.jpg 392w, https:\/\/saomiguelarcanjoitacare.com.br\/wp-content\/uploads\/2020\/09\/PASSAGEM2-1-130x90.jpg 130w\" sizes=\"auto, (max-width: 520px) 100vw, 520px\" \/><\/figure><\/li><\/ul><\/figure>\n","protected":false},"excerpt":{"rendered":"<p>Passagem (sede&nbsp; do munic\u00edpio) Padroeira: Nossa Senhora da Concei\u00e7\u00e3o Missa Festiva em louvor a Padroeira \u2013 08 de dezembro<\/p>\n","protected":false},"author":3,"featured_media":0,"parent":0,"menu_order":0,"comment_status":"closed","ping_status":"closed","template":"","meta":{"colormag_page_layout":"default_layout","pagelayer_contact_templates":[],"_pagelayer_content":"","footnotes":""},"class_list":["post-671","page","type-page","status-publish","hentry"],"_links":{"self":[{"href":"https:\/\/saomiguelarcanjoitacare.com.br\/index.php?rest_route=\/wp\/v2\/pages\/671","targetHints":{"allow":["GET"]}}],"collection":[{"href":"https:\/\/saomiguelarcanjoitacare.com.br\/index.php?rest_route=\/wp\/v2\/pages"}],"about":[{"href":"https:\/\/saomiguelarcanjoitacare.com.br\/index.php?rest_route=\/wp\/v2\/types\/page"}],"author":[{"embeddable":true,"href":"https:\/\/saomiguelarcanjoitacare.com.br\/index.php?rest_route=\/wp\/v2\/users\/3"}],"replies":[{"embeddable":true,"href":"https:\/\/saomiguelarcanjoitacare.com.br\/index.php?rest_route=%2Fwp%2Fv2%2Fcomments&post=671"}],"version-history":[{"count":1,"href":"https:\/\/saomiguelarcanjoitacare.com.br\/index.php?rest_route=\/wp\/v2\/pages\/671\/revisions"}],"predecessor-version":[{"id":674,"href":"https:\/\/saomiguelarcanjoitacare.com.br\/index.php?rest_route=\/wp\/v2\/pages\/671\/revisions\/674"}],"wp:attachment":[{"href":"https:\/\/saomiguelarcanjoitacare.com.br\/index.php?rest_route=%2Fwp%2Fv2%2Fmedia&parent=671"}],"curies":[{"name":"wp","href":"https:\/\/api.w.org\/{rel}","templated":true}]}}