{"id":660,"date":"2020-08-28T17:26:12","date_gmt":"2020-08-28T17:26:12","guid":{"rendered":"https:\/\/saomiguelarcanjoitacare.com.br\/?page_id=660"},"modified":"2021-02-03T19:20:17","modified_gmt":"2021-02-03T19:20:17","slug":"historico","status":"publish","type":"page","link":"https:\/\/saomiguelarcanjoitacare.com.br\/?page_id=660","title":{"rendered":"Hist\u00f3rico"},"content":{"rendered":"\n<p style=\"font-size:24px\"><strong>Par\u00f3quia S\u00e3o Miguel Arcanjo<\/strong><\/p>\n\n\n\n<figure class=\"wp-block-table aligncenter\"><table><thead><tr><th class=\"has-text-align-center\" data-align=\"center\"><strong>&nbsp; Igreja Matriz S\u00e3o Miguel Arcanjo de Itacar\u00e9&nbsp;<\/strong><br>Sede da Par\u00f3quia &nbsp;<\/th><\/tr><\/thead><tbody><tr><td class=\"has-text-align-center\" data-align=\"center\"><strong>Dados<\/strong><\/td><\/tr><tr><td class=\"has-text-align-center\" data-align=\"center\">&nbsp; <strong>Estado&nbsp;&nbsp;&nbsp;&nbsp;&nbsp;&nbsp; &nbsp;&nbsp;&nbsp;&nbsp;&nbsp;&nbsp;&nbsp;&nbsp;&nbsp;&nbsp;&nbsp;<\/strong>&nbsp;Bahia <br><strong>Munic\u00edpio<\/strong>&nbsp;&nbsp;&nbsp;&nbsp;&nbsp;&nbsp;&nbsp;&nbsp;&nbsp; &nbsp;&nbsp;&nbsp;Itacar\u00e9 <br><strong>Constitui\u00e7\u00e3o&nbsp;&nbsp;&nbsp;&nbsp; &nbsp;&nbsp;&nbsp;<\/strong>02\/08\/1979<br> <strong>Comunidades&nbsp;&nbsp;&nbsp;&nbsp;&nbsp; <\/strong>09 <br><strong>Pastorais&nbsp;&nbsp;&nbsp;&nbsp;&nbsp;&nbsp;&nbsp;&nbsp;&nbsp;&nbsp;&nbsp;&nbsp;&nbsp; <\/strong>12<br> <strong>Diocese&nbsp;&nbsp;&nbsp;&nbsp;&nbsp;&nbsp;&nbsp;&nbsp;&nbsp;&nbsp;&nbsp;&nbsp;&nbsp;&nbsp;&nbsp;&nbsp; <\/strong>Ilh\u00e9us<\/td><\/tr><\/tbody><tfoot><tr><td class=\"has-text-align-center\" data-align=\"center\"><strong>Endere\u00e7o:&nbsp;&nbsp;&nbsp;&nbsp;&nbsp;&nbsp;&nbsp;&nbsp;&nbsp;&nbsp;&nbsp; <\/strong>Rua Frei S\u00e3o Bento, s\/n \u2013 Centro<br><strong>P\u00e1gina Oficial&nbsp;&nbsp;&nbsp;&nbsp;&nbsp; <\/strong><a href=\"https:\/\/www.saomiguelarcanjoitacare.com.br\/\">https:\/\/www.saomiguelarcanjoitacare.com.br<\/a><\/td><\/tr><\/tfoot><\/table><\/figure>\n\n\n\n<p class=\"has-text-align-left has-normal-font-size\"><strong>Padroeiro<\/strong><strong>: &nbsp;<\/strong>S\u00e3o Miguel Arcanjo<strong> &nbsp;<\/strong><strong> <\/strong><strong><\/strong><\/p>\n\n\n\n<p><strong>Noven\u00e1rio: <\/strong>\u00a020 a 28 de setembro<\/p>\n\n\n\n<p><strong>Dia da Festa:<\/strong> 29 com Missa Solene e prociss\u00e3o<\/p>\n\n\n\n<p><strong>Funda\u00e7\u00e3o da Par\u00f3quia: <\/strong><strong>1915<\/strong><strong><\/strong><\/p>\n\n\n\n<p><strong>Hist\u00f3rico<\/strong>:<\/p>\n\n\n\n<p>Na \u00e9poca em que Itacar\u00e9 (que se chamava Rio de Contas) era atendida pela Diocese de S\u00e3o Salvador da Bahia, muito embora j\u00e1 fosse freguesia. Desse modo suponha-se que a Freguesia de S\u00e3o Miguel de Barra do Rio de Contas deve ter sido fundada em 1796 com assist\u00eancia de Padres da Bahia.<\/p>\n\n\n\n<p>A Diocese de Ilh\u00e9us foi fundada em 1913.<\/p>\n\n\n\n<div class=\"wp-block-group is-layout-flow wp-block-group-is-layout-flow\"><div class=\"wp-block-group__inner-container\"><\/div><\/div>\n\n\n\n<p><strong>Limites<\/strong>:<\/p>\n\n\n\n<p>Norte: Mara\u00fa<\/p>\n\n\n\n<p>Sul: Uru\u00e7uca<\/p>\n\n\n\n<p>Leste: Oceano Atl\u00e2ntico<\/p>\n\n\n\n<p>Oeste: Ubaitaba e Aurelino Leal<\/p>\n\n\n\n<p><strong>P\u00e1roco<\/strong>:<\/p>\n\n\n\n<figure class=\"wp-block-image size-large\"><img loading=\"lazy\" decoding=\"async\" width=\"377\" height=\"354\" src=\"https:\/\/saomiguelarcanjoitacare.com.br\/wp-content\/uploads\/2021\/02\/P\u00e1roco.jpg\" alt=\"\" class=\"wp-image-966\" srcset=\"https:\/\/saomiguelarcanjoitacare.com.br\/wp-content\/uploads\/2021\/02\/P\u00e1roco.jpg 377w, https:\/\/saomiguelarcanjoitacare.com.br\/wp-content\/uploads\/2021\/02\/P\u00e1roco-300x282.jpg 300w\" sizes=\"auto, (max-width: 377px) 100vw, 377px\" \/><\/figure>\n\n\n\n<p>Nasceu em 25\/03\/1964, na cidade de Camamu-BA, filho de Josedeque Oliveira Ramos e Maria Gomes de Oliveira.<\/p>\n\n\n\n<p>Formado no Instituto de Teologia de Ilh\u00e9us \u2013 1989 \u2013 1994.<\/p>\n\n\n\n<p>Ordenado em 23 de outubro de 1994, na Diocese de Ilh\u00e9us pelo Bispo Diocesano Dom Valfredo Tepe.&nbsp;<\/p>\n\n\n\n<p>Em 1995 foi Vig\u00e1rio Paroquial da Par\u00f3quia S\u00e3o Sebasti\u00e3o de Mara\u00fa.<\/p>\n\n\n\n<p>No per\u00edodo de 1995 a 2003 foi P\u00e1roco das Par\u00f3quias de: Mara\u00fa, Aurelino Leal, Itaju\u00edpe e Gongogi.<\/p>\n\n\n\n<p>Reitor do Semin\u00e1rio Proped\u00eantico de 2000 a 2002.<\/p>\n\n\n\n<p>Assumiu a Par\u00f3quia de S\u00e3o Sebasti\u00e3o de Mara\u00fa entre 2015 a 2017.<\/p>\n\n\n\n<p>Mission\u00e1rio de 2003 a 2019 nas Dioceses de Barreiras-Ba e Ruy Barbosa \u2013 Ba.<\/p>\n\n\n\n<p>Bacharel em Teologia e Filosofia<\/p>\n\n\n\n<p>Em 23 de junho de 2020, tomou posse como P\u00e1roco da P\u00e1roco da Par\u00f3quia S\u00e3o Miguel Arcanjo de Itacar\u00e9.<\/p>\n\n\n\n<hr class=\"wp-block-separator is-style-wide\"\/>\n\n\n\n<p style=\"font-size:24px\"><strong>Secretaria Paroquial<\/strong><\/p>\n\n\n\n<p><strong>Hor\u00e1rio de funcionamento:<\/strong><\/p>\n\n\n\n<p>De 2\u00aa a sexta \u2013 feira das 08h \u00e0s 12h &nbsp;&nbsp;&nbsp;&nbsp;&nbsp;&nbsp;&nbsp;&nbsp;<\/p>\n\n\n\n<p>Endere\u00e7o: Rua Pl\u00ednio Soares, s\/n \u2013 Centro \u2013 CEP: 45.530-000&nbsp; &#8211;&nbsp; Itacar\u00e9 &#8211; BA<\/p>\n\n\n\n<p>Email: <a href=\"mailto:psma.bahia@gmail.com\">psma.bahia@gmail.com<\/a><\/p>\n\n\n\n<hr class=\"wp-block-separator is-style-wide\"\/>\n\n\n\n<p style=\"font-size:24px\"><strong>Pastorais e Movimentos<\/strong><\/p>\n\n\n\n<p>Pastoral do D\u00edzimo&nbsp;&nbsp;&nbsp;&nbsp;&nbsp;&nbsp;&nbsp;&nbsp;&nbsp;&nbsp;&nbsp;&nbsp;&nbsp;&nbsp;&nbsp;&nbsp;&nbsp;&nbsp;&nbsp;&nbsp;&nbsp;&nbsp;&nbsp;&nbsp;&nbsp;&nbsp;&nbsp;&nbsp;&nbsp;&nbsp;&nbsp;&nbsp;&nbsp;&nbsp;&nbsp;&nbsp;&nbsp;&nbsp;&nbsp;&nbsp;&nbsp;&nbsp;&nbsp;&nbsp;&nbsp; Pastoral Vocacional<strong><\/strong><\/p>\n\n\n\n<p>Pastoral da Crian\u00e7a&nbsp;&nbsp;&nbsp;&nbsp;&nbsp;&nbsp;&nbsp;&nbsp;&nbsp;&nbsp;&nbsp;&nbsp;&nbsp;&nbsp;&nbsp;&nbsp;&nbsp;&nbsp;&nbsp;&nbsp;&nbsp;&nbsp;&nbsp;&nbsp;&nbsp;&nbsp;&nbsp;&nbsp;&nbsp;&nbsp;&nbsp;&nbsp;&nbsp;&nbsp;&nbsp; &nbsp;&nbsp;&nbsp;&nbsp;&nbsp;&nbsp;&nbsp;&nbsp;&nbsp;Pastoral da Catequese<\/p>\n\n\n\n<p>Pastoral da Liturgia&nbsp;&nbsp;&nbsp;&nbsp;&nbsp;&nbsp;&nbsp;&nbsp;&nbsp;&nbsp;&nbsp;&nbsp;&nbsp;&nbsp;&nbsp;&nbsp;&nbsp;&nbsp;&nbsp;&nbsp;&nbsp;&nbsp;&nbsp;&nbsp;&nbsp;&nbsp;&nbsp;&nbsp;&nbsp;&nbsp;&nbsp;&nbsp;&nbsp;&nbsp;&nbsp;&nbsp;&nbsp;&nbsp;&nbsp;&nbsp;&nbsp;&nbsp;&nbsp;&nbsp; Pastoral Batismo&nbsp;&nbsp;&nbsp;&nbsp;&nbsp;&nbsp;<\/p>\n\n\n\n<p>Pastoral do C\u00e2ntico&nbsp;&nbsp;&nbsp;&nbsp;&nbsp;&nbsp;&nbsp;&nbsp;&nbsp;&nbsp;&nbsp;&nbsp;&nbsp;&nbsp;&nbsp;&nbsp;&nbsp;&nbsp;&nbsp;&nbsp;&nbsp;&nbsp;&nbsp;&nbsp;&nbsp;&nbsp;&nbsp;&nbsp;&nbsp;&nbsp;&nbsp;&nbsp;&nbsp;&nbsp;&nbsp;&nbsp;&nbsp;&nbsp;&nbsp;&nbsp;&nbsp;&nbsp;&nbsp;&nbsp; Pastoral da Acolhida<\/p>\n\n\n\n<p>Pastoral da Juventude&nbsp;&nbsp;&nbsp;&nbsp;&nbsp;&nbsp;&nbsp;&nbsp;&nbsp;&nbsp;&nbsp;&nbsp;&nbsp;&nbsp;&nbsp;&nbsp;&nbsp;&nbsp;&nbsp;&nbsp;&nbsp;&nbsp;&nbsp;&nbsp;&nbsp;&nbsp;&nbsp;&nbsp;&nbsp;&nbsp;&nbsp;&nbsp;&nbsp;&nbsp;&nbsp;&nbsp;&nbsp;&nbsp;&nbsp; Pastoral da Comunica\u00e7\u00e3o &#8211; PASCOM<\/p>\n\n\n\n<p>Apost\u00f3lado da Ora\u00e7\u00e3o&nbsp;&nbsp;&nbsp;&nbsp;&nbsp;&nbsp;&nbsp;&nbsp;&nbsp;&nbsp;&nbsp;&nbsp;&nbsp;&nbsp;&nbsp;&nbsp;&nbsp;&nbsp;&nbsp;&nbsp;&nbsp;&nbsp;&nbsp;&nbsp;&nbsp;&nbsp;&nbsp;&nbsp; &nbsp;&nbsp;&nbsp;&nbsp;&nbsp;&nbsp;&nbsp;&nbsp;&nbsp;&nbsp;&nbsp;M\u00e3e Rainha<\/p>\n\n\n\n<p>Ter\u00e7o dos Homens&nbsp;&nbsp;&nbsp;&nbsp;&nbsp;&nbsp;&nbsp;&nbsp;&nbsp;&nbsp;&nbsp;&nbsp;&nbsp;&nbsp;&nbsp;&nbsp;&nbsp;&nbsp;&nbsp;&nbsp;&nbsp;&nbsp;&nbsp;&nbsp;&nbsp;&nbsp;&nbsp;&nbsp;&nbsp;&nbsp;&nbsp;&nbsp;&nbsp;&nbsp;&nbsp;&nbsp;&nbsp;&nbsp;&nbsp;&nbsp;&nbsp;&nbsp;&nbsp;&nbsp;&nbsp;&nbsp; Grupo de Ministros Extraordin\u00e1rios da Santa Comunh\u00e3o<\/p>\n\n\n\n<p><strong>Grupo de Trabalho Social<\/strong><\/p>\n\n\n\n<p>Pia S\u00e3o Miguel<\/p>\n\n\n\n<hr class=\"wp-block-separator is-style-wide\"\/>\n\n\n\n<p style=\"font-size:24px\"><strong><u>GALERIA DOS PADRES QUE SERVIRAM A COMUNIDADE<\/u><\/strong><\/p>\n\n\n\n<p>At\u00e9 1893, pouco existe de hist\u00f3ria, a n\u00e3o ser nos livros de tombo da Arquidiocese de Salvador, como livros de Batismo, Livro de Tombo, o Livro de \u00d3bitos do per\u00edodo de 1796 a 1829, e de 1830 a 1852, na Par\u00f3quia da S\u00e9, C\u00faria.<\/p>\n\n\n\n<ul class=\"wp-block-list\"><li>1833 \u2013 1848 &#8211; Pe Sebasti\u00e3o M. Gremido<\/li><li>1848 \u2013 1849 &#8211; Pe Joaquim dos Anjos Pereira<\/li><li>1849 \u2013 1866 &#8211;&nbsp; Pe Manoel de Magalh\u00e3es Menezes<\/li><li>1871 \u2013 1882 &#8211;&nbsp; Pe Jo\u00e3o P. de A. Lima<\/li><li>1882 \u2013 1883 &#8211; C\u00f4nego Antonio N. dos Rios<\/li><li>1883 \u2013 1885 &#8211; Pe Jo\u00e3o Pereira Ramos<\/li><li>1886 \u2013 1890 &#8211; Pe. Caetano J. de Cunha<\/li><li>1894 \u2013 1900 \u2013 Pe Pedro Francisco dos Santos<\/li><li>1894 \u2013 1897&nbsp;&#8211; &nbsp;Pe Pedro Francisco Santos<\/li><li>1897 \u2013 1899&nbsp;&#8211; &nbsp;Pe Pinto de S\u00e1<\/li><li>1899 \u2013 1900&nbsp;&#8211; &nbsp;Pe Jo\u00e3o de Almeida<\/li><li>1900 \u2013 1906&nbsp;&#8211; &nbsp;Pe Jo\u00e3o de Almeida<\/li><li>1907 &#8211;&nbsp; 1914&nbsp;&nbsp; &#8211; Pe Fernando de S. Oliveira<\/li><\/ul>\n\n\n\n<p><strong><u>Como Par\u00f3quia da Diocese de Ilh\u00e9us<\/u><\/strong><\/p>\n\n\n\n<ul class=\"wp-block-list\"><li>1914 \u2013 1918 &#8211; &nbsp;Pe Fernando S. de Oliveira<\/li><li>1918 &#8211;&nbsp; Pe Antonio Francisco da Hora<\/li><li>1919 \u2013 1920 &#8211; &nbsp; Pe Jo\u00e3o Ramos<\/li><li>1920 \u2013 1927&nbsp;&#8211; &nbsp;Pe Fernando Oliveira<\/li><li>1927 \u2013 1932&nbsp;&#8211; &nbsp;Pe Fernando Oliveira<\/li><li>1932 \u2013 1935&nbsp;&#8211; &nbsp;Pe Jo\u00e3o F. Almeida<\/li><li>1936 \u2013 1937&nbsp;&#8211; &nbsp;Pe Osvaldo Sim\u00f5es<\/li><li>1937 \u2013 1938&nbsp;&#8211; &nbsp;Pe Osvaldo Sim\u00f5es<\/li><li>1938 &#8211;&nbsp; 1976&nbsp;&#8211; &nbsp;Pe Edgard dos Santos Torres<\/li><li>1976 &#8211;&nbsp; Pe Francisco Xavier Cardoso \/ Pe. Frei Domingos de Mayer<\/li><li>1977 &#8211;&nbsp; Pe Sebasti\u00e3o Bezerra<\/li><li>1978 &#8211;&nbsp; Pe Valdir dos Santos Silva<\/li><li>1978 \u2013&nbsp;1980 &#8211; &nbsp;Pe Sebasti\u00e3o Bezerra<\/li><li>1980 &#8211;&nbsp; Frei Renato Fazzi<\/li><li>1980 \u2013 1981- Pe. Frei Renato Fazzi \/ Pe. Sebasti\u00e3o Bezerra \/ Di\u00e1cono Nilton Concei\u00e7\u00e3o de Souza<\/li><li>1981 \u2013 1982&nbsp;&#8211; &nbsp;Frei Renato Fazzi<\/li><li>1983 \u2013 1990&nbsp;&#8211; &nbsp;Frei Luiz M\u00e1rio Duarte<\/li><li>1990&nbsp;\u2013 Pe. Nildemar Andrade\/ Pe. Luiz Mario \/ Pe. Jo\u00e3o Borges dos Santos<\/li><li>1990 &#8211;&nbsp; Pe. Jo\u00e3o Boaventura Oiticica\/ Pe. Jo\u00e3o Borges dos Santos \/ Pe. Nildemar Andrade<\/li><li>1990 &#8211; 1999&nbsp; &#8211; &nbsp;Pe. Luiz M\u00e1rio Duarte Pimenta<\/li><li>2000 &#8211;&nbsp;2006&nbsp; &#8211; Pe. Adauto Em\u00eddio dos Santos<\/li><li>2007&nbsp;&#8211; 2015 &nbsp;&#8211; &nbsp;Pe. Eliseu Silva Souza<\/li><li>2015 &#8211; 2020 &nbsp;&#8211; &nbsp;Pe. Ednaldo Cardoso dos Santos<\/li><\/ul>\n","protected":false},"excerpt":{"rendered":"<p>Par\u00f3quia S\u00e3o Miguel Arcanjo &nbsp; Igreja Matriz S\u00e3o Miguel Arcanjo de Itacar\u00e9&nbsp;Sede da Par\u00f3quia &nbsp; Dados &nbsp; Estado&nbsp;&nbsp;&nbsp;&nbsp;&nbsp;&nbsp; &nbsp;&nbsp;&nbsp;&nbsp;&nbsp;&nbsp;&nbsp;&nbsp;&nbsp;&nbsp;&nbsp;&nbsp;Bahia Munic\u00edpio&nbsp;&nbsp;&nbsp;&nbsp;&nbsp;&nbsp;&nbsp;&nbsp;&nbsp;<\/p>\n","protected":false},"author":3,"featured_media":0,"parent":0,"menu_order":0,"comment_status":"closed","ping_status":"closed","template":"","meta":{"colormag_page_layout":"default_layout","pagelayer_contact_templates":[],"_pagelayer_content":"","footnotes":""},"class_list":["post-660","page","type-page","status-publish","hentry"],"_links":{"self":[{"href":"https:\/\/saomiguelarcanjoitacare.com.br\/index.php?rest_route=\/wp\/v2\/pages\/660","targetHints":{"allow":["GET"]}}],"collection":[{"href":"https:\/\/saomiguelarcanjoitacare.com.br\/index.php?rest_route=\/wp\/v2\/pages"}],"about":[{"href":"https:\/\/saomiguelarcanjoitacare.com.br\/index.php?rest_route=\/wp\/v2\/types\/page"}],"author":[{"embeddable":true,"href":"https:\/\/saomiguelarcanjoitacare.com.br\/index.php?rest_route=\/wp\/v2\/users\/3"}],"replies":[{"embeddable":true,"href":"https:\/\/saomiguelarcanjoitacare.com.br\/index.php?rest_route=%2Fwp%2Fv2%2Fcomments&post=660"}],"version-history":[{"count":2,"href":"https:\/\/saomiguelarcanjoitacare.com.br\/index.php?rest_route=\/wp\/v2\/pages\/660\/revisions"}],"predecessor-version":[{"id":967,"href":"https:\/\/saomiguelarcanjoitacare.com.br\/index.php?rest_route=\/wp\/v2\/pages\/660\/revisions\/967"}],"wp:attachment":[{"href":"https:\/\/saomiguelarcanjoitacare.com.br\/index.php?rest_route=%2Fwp%2Fv2%2Fmedia&parent=660"}],"curies":[{"name":"wp","href":"https:\/\/api.w.org\/{rel}","templated":true}]}}