{"id":627,"date":"2020-08-28T16:57:23","date_gmt":"2020-08-28T16:57:23","guid":{"rendered":"https:\/\/saomiguelarcanjoitacare.com.br\/?page_id=627"},"modified":"2020-08-28T16:57:25","modified_gmt":"2020-08-28T16:57:25","slug":"capela-da-comunidade-do-limoeiro","status":"publish","type":"page","link":"https:\/\/saomiguelarcanjoitacare.com.br\/?page_id=627","title":{"rendered":"Capela da Comunidade do Limoeiro"},"content":{"rendered":"\n<p><strong>\u00c1rea Rural de Taboquinhas<\/strong> <\/p>\n\n\n\n<p><strong>PADROEIRA: Nossa Senhora da Concei\u00e7\u00e3o Aparecida<\/strong><\/p>\n\n\n\n<p><strong>DATA DA MISSA FESTIVA: <\/strong>12 de outubro<\/p>\n\n\n\n<figure class=\"wp-block-gallery columns-2 is-cropped wp-block-gallery-1 is-layout-flex wp-block-gallery-is-layout-flex\"><ul class=\"blocks-gallery-grid\"><li class=\"blocks-gallery-item\"><figure><img loading=\"lazy\" decoding=\"async\" width=\"509\" height=\"604\" src=\"https:\/\/saomiguelarcanjoitacare.com.br\/wp-content\/uploads\/2020\/08\/CAPELA-DA-COMUNIDADE-DO-LIMOEIRO-1-1.jpg\" alt=\"\" data-id=\"628\" data-full-url=\"https:\/\/saomiguelarcanjoitacare.com.br\/wp-content\/uploads\/2020\/08\/CAPELA-DA-COMUNIDADE-DO-LIMOEIRO-1-1.jpg\" data-link=\"https:\/\/saomiguelarcanjoitacare.com.br\/?attachment_id=628\" class=\"wp-image-628\" srcset=\"https:\/\/saomiguelarcanjoitacare.com.br\/wp-content\/uploads\/2020\/08\/CAPELA-DA-COMUNIDADE-DO-LIMOEIRO-1-1.jpg 509w, https:\/\/saomiguelarcanjoitacare.com.br\/wp-content\/uploads\/2020\/08\/CAPELA-DA-COMUNIDADE-DO-LIMOEIRO-1-1-253x300.jpg 253w\" sizes=\"auto, (max-width: 509px) 100vw, 509px\" \/><\/figure><\/li><li class=\"blocks-gallery-item\"><figure><img loading=\"lazy\" decoding=\"async\" width=\"488\" height=\"603\" src=\"https:\/\/saomiguelarcanjoitacare.com.br\/wp-content\/uploads\/2020\/08\/CAPELA-DA-COMUNIDADE-DO-LIMOEIRO-2.jpg\" alt=\"\" data-id=\"629\" data-full-url=\"https:\/\/saomiguelarcanjoitacare.com.br\/wp-content\/uploads\/2020\/08\/CAPELA-DA-COMUNIDADE-DO-LIMOEIRO-2.jpg\" data-link=\"https:\/\/saomiguelarcanjoitacare.com.br\/?attachment_id=629\" class=\"wp-image-629\" srcset=\"https:\/\/saomiguelarcanjoitacare.com.br\/wp-content\/uploads\/2020\/08\/CAPELA-DA-COMUNIDADE-DO-LIMOEIRO-2.jpg 488w, https:\/\/saomiguelarcanjoitacare.com.br\/wp-content\/uploads\/2020\/08\/CAPELA-DA-COMUNIDADE-DO-LIMOEIRO-2-243x300.jpg 243w\" sizes=\"auto, (max-width: 488px) 100vw, 488px\" \/><\/figure><\/li><\/ul><\/figure>\n\n\n\n<p><\/p>\n","protected":false},"excerpt":{"rendered":"<p>\u00c1rea Rural de Taboquinhas PADROEIRA: Nossa Senhora da Concei\u00e7\u00e3o Aparecida DATA DA MISSA FESTIVA: 12 de outubro<\/p>\n","protected":false},"author":3,"featured_media":0,"parent":0,"menu_order":0,"comment_status":"closed","ping_status":"closed","template":"","meta":{"colormag_page_layout":"default_layout","pagelayer_contact_templates":[],"_pagelayer_content":"","footnotes":""},"class_list":["post-627","page","type-page","status-publish","hentry"],"_links":{"self":[{"href":"https:\/\/saomiguelarcanjoitacare.com.br\/index.php?rest_route=\/wp\/v2\/pages\/627","targetHints":{"allow":["GET"]}}],"collection":[{"href":"https:\/\/saomiguelarcanjoitacare.com.br\/index.php?rest_route=\/wp\/v2\/pages"}],"about":[{"href":"https:\/\/saomiguelarcanjoitacare.com.br\/index.php?rest_route=\/wp\/v2\/types\/page"}],"author":[{"embeddable":true,"href":"https:\/\/saomiguelarcanjoitacare.com.br\/index.php?rest_route=\/wp\/v2\/users\/3"}],"replies":[{"embeddable":true,"href":"https:\/\/saomiguelarcanjoitacare.com.br\/index.php?rest_route=%2Fwp%2Fv2%2Fcomments&post=627"}],"version-history":[{"count":1,"href":"https:\/\/saomiguelarcanjoitacare.com.br\/index.php?rest_route=\/wp\/v2\/pages\/627\/revisions"}],"predecessor-version":[{"id":631,"href":"https:\/\/saomiguelarcanjoitacare.com.br\/index.php?rest_route=\/wp\/v2\/pages\/627\/revisions\/631"}],"wp:attachment":[{"href":"https:\/\/saomiguelarcanjoitacare.com.br\/index.php?rest_route=%2Fwp%2Fv2%2Fmedia&parent=627"}],"curies":[{"name":"wp","href":"https:\/\/api.w.org\/{rel}","templated":true}]}}