{"id":1015,"date":"2021-07-29T21:11:41","date_gmt":"2021-07-29T21:11:41","guid":{"rendered":"https:\/\/saomiguelarcanjoitacare.com.br\/?page_id=1015"},"modified":"2021-07-29T21:11:42","modified_gmt":"2021-07-29T21:11:42","slug":"museu","status":"publish","type":"page","link":"https:\/\/saomiguelarcanjoitacare.com.br\/?page_id=1015","title":{"rendered":"Museu"},"content":{"rendered":"\n<div class=\"wp-block-image\"><figure class=\"aligncenter size-large is-resized\"><img loading=\"lazy\" decoding=\"async\" src=\"https:\/\/saomiguelarcanjoitacare.com.br\/wp-content\/uploads\/2021\/07\/Logo3-1024x779.png\" alt=\"\" class=\"wp-image-1017\" width=\"336\" height=\"256\" srcset=\"https:\/\/saomiguelarcanjoitacare.com.br\/wp-content\/uploads\/2021\/07\/Logo3-1024x779.png 1024w, https:\/\/saomiguelarcanjoitacare.com.br\/wp-content\/uploads\/2021\/07\/Logo3-300x228.png 300w, https:\/\/saomiguelarcanjoitacare.com.br\/wp-content\/uploads\/2021\/07\/Logo3-768x585.png 768w, https:\/\/saomiguelarcanjoitacare.com.br\/wp-content\/uploads\/2021\/07\/Logo3-1536x1169.png 1536w, https:\/\/saomiguelarcanjoitacare.com.br\/wp-content\/uploads\/2021\/07\/Logo3-2048x1559.png 2048w\" sizes=\"auto, (max-width: 336px) 100vw, 336px\" \/><\/figure><\/div>\n\n\n\n<p>A campanha de doa\u00e7\u00e3o para o \u201cProjeto do Museu\u201d tem como objetivo resgatar uma hist\u00f3ria de f\u00e9 e arte.<br>Encontramos um acervo que merece ser restaurado e apresentado a todos. contamos com o apoio da comunidade de Itacar\u00e9 e dos que acreditam na preserva\u00e7\u00e3o das mem\u00f3rias e da cultura.<\/p>\n\n\n\n<p>The donation campaign to the \u201cMuseum Project\u201d has the goal to restore a history of faith and arts. We found a collection that deserves care and needs to be shared with everyone. In order to make it possible, we need the support Itacare community and everyone else that believes in preservation of memories and culture.<\/p>\n\n\n\n<p>La campa\u00f1a de donaci\u00f3n para \u201cProyecto Museo\u201d tiene la meta para restaurar la historia de fe y artes. Hemos encontrado una colecci\u00f3n que merece cuidado y que necesita ser compartido con todos. Para poder hacerlo possible, necesitamos el apoyo de la comunidad Itacar\u00e9 y de todos que cree en la preservaci\u00f3n de memorias y cultura.<\/p>\n\n\n\n<h1 class=\"wp-block-heading\">#projetomuseu<\/h1>\n\n\n\n<div class=\"wp-block-image\"><figure class=\"aligncenter size-large\"><img loading=\"lazy\" decoding=\"async\" width=\"1024\" height=\"436\" src=\"https:\/\/saomiguelarcanjoitacare.com.br\/wp-content\/uploads\/2021\/07\/Museu-1-1024x436.jpg\" alt=\"\" class=\"wp-image-1018\" srcset=\"https:\/\/saomiguelarcanjoitacare.com.br\/wp-content\/uploads\/2021\/07\/Museu-1-1024x436.jpg 1024w, https:\/\/saomiguelarcanjoitacare.com.br\/wp-content\/uploads\/2021\/07\/Museu-1-300x128.jpg 300w, https:\/\/saomiguelarcanjoitacare.com.br\/wp-content\/uploads\/2021\/07\/Museu-1-768x327.jpg 768w, https:\/\/saomiguelarcanjoitacare.com.br\/wp-content\/uploads\/2021\/07\/Museu-1-1536x654.jpg 1536w, https:\/\/saomiguelarcanjoitacare.com.br\/wp-content\/uploads\/2021\/07\/Museu-1.jpg 1733w\" sizes=\"auto, (max-width: 1024px) 100vw, 1024px\" \/><\/figure><\/div>\n\n\n\n<div class=\"wp-block-image\"><figure class=\"aligncenter size-large\"><img loading=\"lazy\" decoding=\"async\" width=\"1024\" height=\"681\" src=\"https:\/\/saomiguelarcanjoitacare.com.br\/wp-content\/uploads\/2021\/07\/Museu-2-1024x681.jpg\" alt=\"\" class=\"wp-image-1019\" srcset=\"https:\/\/saomiguelarcanjoitacare.com.br\/wp-content\/uploads\/2021\/07\/Museu-2-1024x681.jpg 1024w, https:\/\/saomiguelarcanjoitacare.com.br\/wp-content\/uploads\/2021\/07\/Museu-2-300x200.jpg 300w, https:\/\/saomiguelarcanjoitacare.com.br\/wp-content\/uploads\/2021\/07\/Museu-2-768x511.jpg 768w, https:\/\/saomiguelarcanjoitacare.com.br\/wp-content\/uploads\/2021\/07\/Museu-2-1536x1022.jpg 1536w, https:\/\/saomiguelarcanjoitacare.com.br\/wp-content\/uploads\/2021\/07\/Museu-2.jpg 1679w\" sizes=\"auto, (max-width: 1024px) 100vw, 1024px\" \/><\/figure><\/div>\n\n\n\n<ul class=\"wp-block-list\"><li>Exibi\u00e7\u00e3o do acervo restaurado e protegido<\/li><li>Hist\u00f3ria de Itacar\u00e9 e da constru\u00e7\u00e3o da igreja<\/li><li>Fotos do processo de restaura\u00e7\u00e3o<\/li><li>Mem\u00f3rias e fotos da cidade<\/li><li>Homenangem aos Padres<\/li><li>Espa\u00e7o kids<\/li><li>Lojinha<\/li><\/ul>\n\n\n\n<div class=\"wp-block-image\"><figure class=\"aligncenter size-large is-resized\"><img loading=\"lazy\" decoding=\"async\" src=\"https:\/\/saomiguelarcanjoitacare.com.br\/wp-content\/uploads\/2021\/07\/Museu-3-1024x482.jpg\" alt=\"\" class=\"wp-image-1020\" width=\"563\" height=\"266\" srcset=\"https:\/\/saomiguelarcanjoitacare.com.br\/wp-content\/uploads\/2021\/07\/Museu-3-1024x482.jpg 1024w, https:\/\/saomiguelarcanjoitacare.com.br\/wp-content\/uploads\/2021\/07\/Museu-3-300x141.jpg 300w, https:\/\/saomiguelarcanjoitacare.com.br\/wp-content\/uploads\/2021\/07\/Museu-3-768x361.jpg 768w, https:\/\/saomiguelarcanjoitacare.com.br\/wp-content\/uploads\/2021\/07\/Museu-3.jpg 1397w\" sizes=\"auto, (max-width: 563px) 100vw, 563px\" \/><figcaption>Logomarca da Campanha<\/figcaption><\/figure><\/div>\n\n\n\n<div class=\"wp-block-image\"><figure class=\"aligncenter size-large is-resized\"><img loading=\"lazy\" decoding=\"async\" src=\"https:\/\/saomiguelarcanjoitacare.com.br\/wp-content\/uploads\/2021\/07\/IMG-20210717-WA0042.jpg\" alt=\"\" class=\"wp-image-1021\" width=\"389\" height=\"486\" srcset=\"https:\/\/saomiguelarcanjoitacare.com.br\/wp-content\/uploads\/2021\/07\/IMG-20210717-WA0042.jpg 720w, https:\/\/saomiguelarcanjoitacare.com.br\/wp-content\/uploads\/2021\/07\/IMG-20210717-WA0042-240x300.jpg 240w\" sizes=\"auto, (max-width: 389px) 100vw, 389px\" \/><figcaption>Cartaz da Campanha<\/figcaption><\/figure><\/div>\n\n\n\n<p class=\"has-text-align-center\" style=\"font-size:26px\"><strong>Patrocinador da Campanha<\/strong><\/p>\n\n\n\n<div class=\"wp-block-image\"><figure class=\"aligncenter size-large\"><img loading=\"lazy\" decoding=\"async\" width=\"1024\" height=\"682\" src=\"https:\/\/saomiguelarcanjoitacare.com.br\/wp-content\/uploads\/2021\/07\/Museu-4-1024x682.jpg\" alt=\"\" class=\"wp-image-1022\" srcset=\"https:\/\/saomiguelarcanjoitacare.com.br\/wp-content\/uploads\/2021\/07\/Museu-4-1024x682.jpg 1024w, https:\/\/saomiguelarcanjoitacare.com.br\/wp-content\/uploads\/2021\/07\/Museu-4-300x200.jpg 300w, https:\/\/saomiguelarcanjoitacare.com.br\/wp-content\/uploads\/2021\/07\/Museu-4-768x512.jpg 768w, https:\/\/saomiguelarcanjoitacare.com.br\/wp-content\/uploads\/2021\/07\/Museu-4-1536x1023.jpg 1536w, https:\/\/saomiguelarcanjoitacare.com.br\/wp-content\/uploads\/2021\/07\/Museu-4.jpg 1771w\" sizes=\"auto, (max-width: 1024px) 100vw, 1024px\" \/><\/figure><\/div>\n\n\n\n<div class=\"wp-block-image\"><figure class=\"aligncenter size-large is-resized\"><img loading=\"lazy\" decoding=\"async\" src=\"https:\/\/saomiguelarcanjoitacare.com.br\/wp-content\/uploads\/2021\/07\/Museu-5-1024x846.jpg\" alt=\"\" class=\"wp-image-1023\" width=\"708\" height=\"586\" srcset=\"https:\/\/saomiguelarcanjoitacare.com.br\/wp-content\/uploads\/2021\/07\/Museu-5-1024x846.jpg 1024w, https:\/\/saomiguelarcanjoitacare.com.br\/wp-content\/uploads\/2021\/07\/Museu-5-300x248.jpg 300w, https:\/\/saomiguelarcanjoitacare.com.br\/wp-content\/uploads\/2021\/07\/Museu-5-768x635.jpg 768w, https:\/\/saomiguelarcanjoitacare.com.br\/wp-content\/uploads\/2021\/07\/Museu-5.jpg 1313w\" sizes=\"auto, (max-width: 708px) 100vw, 708px\" \/><\/figure><\/div>\n","protected":false},"excerpt":{"rendered":"<p>A campanha de doa\u00e7\u00e3o para o \u201cProjeto do Museu\u201d tem como objetivo resgatar uma hist\u00f3ria de f\u00e9 e arte.Encontramos um<\/p>\n","protected":false},"author":3,"featured_media":0,"parent":0,"menu_order":0,"comment_status":"closed","ping_status":"closed","template":"","meta":{"colormag_page_layout":"default_layout","pagelayer_contact_templates":[],"_pagelayer_content":"","footnotes":""},"class_list":["post-1015","page","type-page","status-publish","hentry"],"_links":{"self":[{"href":"https:\/\/saomiguelarcanjoitacare.com.br\/index.php?rest_route=\/wp\/v2\/pages\/1015","targetHints":{"allow":["GET"]}}],"collection":[{"href":"https:\/\/saomiguelarcanjoitacare.com.br\/index.php?rest_route=\/wp\/v2\/pages"}],"about":[{"href":"https:\/\/saomiguelarcanjoitacare.com.br\/index.php?rest_route=\/wp\/v2\/types\/page"}],"author":[{"embeddable":true,"href":"https:\/\/saomiguelarcanjoitacare.com.br\/index.php?rest_route=\/wp\/v2\/users\/3"}],"replies":[{"embeddable":true,"href":"https:\/\/saomiguelarcanjoitacare.com.br\/index.php?rest_route=%2Fwp%2Fv2%2Fcomments&post=1015"}],"version-history":[{"count":2,"href":"https:\/\/saomiguelarcanjoitacare.com.br\/index.php?rest_route=\/wp\/v2\/pages\/1015\/revisions"}],"predecessor-version":[{"id":1025,"href":"https:\/\/saomiguelarcanjoitacare.com.br\/index.php?rest_route=\/wp\/v2\/pages\/1015\/revisions\/1025"}],"wp:attachment":[{"href":"https:\/\/saomiguelarcanjoitacare.com.br\/index.php?rest_route=%2Fwp%2Fv2%2Fmedia&parent=1015"}],"curies":[{"name":"wp","href":"https:\/\/api.w.org\/{rel}","templated":true}]}}