{"id":1009,"date":"2021-07-27T14:42:42","date_gmt":"2021-07-27T14:42:42","guid":{"rendered":"https:\/\/saomiguelarcanjoitacare.com.br\/?page_id=1009"},"modified":"2021-08-17T18:17:32","modified_gmt":"2021-08-17T18:17:32","slug":"batizados","status":"publish","type":"page","link":"https:\/\/saomiguelarcanjoitacare.com.br\/?page_id=1009","title":{"rendered":"Batizados"},"content":{"rendered":"\n<figure class=\"wp-block-image size-large\"><img loading=\"lazy\" decoding=\"async\" width=\"678\" height=\"452\" src=\"https:\/\/saomiguelarcanjoitacare.com.br\/wp-content\/uploads\/2021\/08\/WhatsApp-Image-2021-08-16-at-10.07.59-AM.jpeg\" alt=\"\" class=\"wp-image-1027\" srcset=\"https:\/\/saomiguelarcanjoitacare.com.br\/wp-content\/uploads\/2021\/08\/WhatsApp-Image-2021-08-16-at-10.07.59-AM.jpeg 678w, https:\/\/saomiguelarcanjoitacare.com.br\/wp-content\/uploads\/2021\/08\/WhatsApp-Image-2021-08-16-at-10.07.59-AM-300x200.jpeg 300w\" sizes=\"auto, (max-width: 678px) 100vw, 678px\" \/><\/figure>\n\n\n\n<h1 class=\"wp-block-heading\">Informa\u00e7\u00f5es pr\u00e1ticas sobre o Batismo<strong><\/strong><\/h1>\n\n\n\n<p><strong>Documentos necess\u00e1rios: <\/strong> Certid\u00e3o de Nascimento do batizando: caso pais e padrinhos tenham realizado curso de batismo em outra Par\u00f3quia, trazer o Comprovante de Participa\u00e7\u00e3o (lembrando que o comprovante possui validade de 2 anos).<\/p>\n\n\n\n<p>Inscri\u00e7\u00e3o: A inscri\u00e7\u00e3o s\u00f3 \u00e9 conclu\u00edda mediante a entrega da documenta\u00e7\u00e3o na Secretaria Paroquial, ou encaminhada por email (<a href=\"mailto:psma.bahia@gmail.com\">psma.bahia@gmail.com<\/a>); o agendamento poder\u00e1 ser feito na Secretaria Paroquial, email, como tamb\u00e9m pelo contato\/zap &#8211; <strong><u>73-99821-9228<\/u>.<\/strong><\/p>\n\n\n\n<ul class=\"wp-block-list\"><li>Batizados s\u00e3o realizados nas missas: 5\u00aa feiras 18h, e domingos \u00e0s 07h e 18h.<\/li><\/ul>\n\n\n\n<p><strong>Esclarecimentos:<\/strong><\/p>\n\n\n\n<p>A equipe de Batismo disponibilizar\u00e1 material lit\u00fargico, pais e padrinhos podem ficar \u00e0 vontade para adquirir fora da par\u00f3quia.<\/p>\n\n\n\n<p>Os pais e padrinhos poder\u00e3o trazer toalha para secar a cabe\u00e7a da crian\u00e7a, caso esque\u00e7am, a Equipe do Batismo disponibiliza toalhas da Par\u00f3quia.<\/p>\n\n\n\n<p>Ao final da cerim\u00f4nia o celebrante poder\u00e1 participar dos registros fotogr\u00e1ficos.<\/p>\n\n\n\n<p>A Par\u00f3quia S\u00e3o Miguel Arcanjo est\u00e1 autorizada a fazer a cobertura da celebra\u00e7\u00e3o produzindo fotos e v\u00eddeos para serem utilizados nos ve\u00edculos de comunica\u00e7\u00e3o da institui\u00e7\u00e3o.<\/p>\n","protected":false},"excerpt":{"rendered":"<p>Informa\u00e7\u00f5es pr\u00e1ticas sobre o Batismo Documentos necess\u00e1rios: Certid\u00e3o de Nascimento do batizando: caso pais e padrinhos tenham realizado curso de<\/p>\n","protected":false},"author":3,"featured_media":0,"parent":0,"menu_order":0,"comment_status":"closed","ping_status":"closed","template":"","meta":{"colormag_page_layout":"default_layout","pagelayer_contact_templates":[],"_pagelayer_content":"","footnotes":""},"class_list":["post-1009","page","type-page","status-publish","hentry"],"_links":{"self":[{"href":"https:\/\/saomiguelarcanjoitacare.com.br\/index.php?rest_route=\/wp\/v2\/pages\/1009","targetHints":{"allow":["GET"]}}],"collection":[{"href":"https:\/\/saomiguelarcanjoitacare.com.br\/index.php?rest_route=\/wp\/v2\/pages"}],"about":[{"href":"https:\/\/saomiguelarcanjoitacare.com.br\/index.php?rest_route=\/wp\/v2\/types\/page"}],"author":[{"embeddable":true,"href":"https:\/\/saomiguelarcanjoitacare.com.br\/index.php?rest_route=\/wp\/v2\/users\/3"}],"replies":[{"embeddable":true,"href":"https:\/\/saomiguelarcanjoitacare.com.br\/index.php?rest_route=%2Fwp%2Fv2%2Fcomments&post=1009"}],"version-history":[{"count":3,"href":"https:\/\/saomiguelarcanjoitacare.com.br\/index.php?rest_route=\/wp\/v2\/pages\/1009\/revisions"}],"predecessor-version":[{"id":1028,"href":"https:\/\/saomiguelarcanjoitacare.com.br\/index.php?rest_route=\/wp\/v2\/pages\/1009\/revisions\/1028"}],"wp:attachment":[{"href":"https:\/\/saomiguelarcanjoitacare.com.br\/index.php?rest_route=%2Fwp%2Fv2%2Fmedia&parent=1009"}],"curies":[{"name":"wp","href":"https:\/\/api.w.org\/{rel}","templated":true}]}}